{"id":26,"date":"2021-01-21T18:14:18","date_gmt":"2021-01-21T18:14:18","guid":{"rendered":"http:\/\/www.chalupaklec.cz\/?page_id=26"},"modified":"2023-04-13T06:10:17","modified_gmt":"2023-04-13T06:10:17","slug":"fotogalerie","status":"publish","type":"page","link":"https:\/\/www.chalupaklec.cz\/index.php\/fotogalerie\/","title":{"rendered":"Fotogalerie"},"content":{"rendered":"\t\t<div data-elementor-type=\"wp-page\" data-elementor-id=\"26\" class=\"elementor elementor-26\" data-elementor-settings=\"[]\">\n\t\t\t\t\t\t<div class=\"elementor-inner\">\n\t\t\t\t\t\t\t<div class=\"elementor-section-wrap\">\n\t\t\t\t\t\t\t<section class=\"elementor-section elementor-top-section elementor-element elementor-element-83cab5b elementor-section-boxed elementor-section-height-default elementor-section-height-default\" data-id=\"83cab5b\" data-element_type=\"section\">\n\t\t\t\t\t\t<div class=\"elementor-container elementor-column-gap-default\">\n\t\t\t\t\t\t\t<div class=\"elementor-row\">\n\t\t\t\t\t<div class=\"elementor-column elementor-col-100 elementor-top-column elementor-element elementor-element-473d3f2\" data-id=\"473d3f2\" data-element_type=\"column\">\n\t\t\t<div class=\"elementor-column-wrap elementor-element-populated\">\n\t\t\t\t\t\t\t<div class=\"elementor-widget-wrap\">\n\t\t\t\t\t\t<div class=\"elementor-element elementor-element-9ef99cb gallery-spacing-custom elementor-widget elementor-widget-image-gallery\" data-id=\"9ef99cb\" data-element_type=\"widget\" data-widget_type=\"image-gallery.default\">\n\t\t\t\t<div class=\"elementor-widget-container\">\n\t\t\t\t\t<div class=\"elementor-image-gallery\">\n\t\t\t<div id='gallery-1' class='gallery galleryid-26 gallery-columns-6 gallery-size-thumbnail'><figure class='gallery-item'>\n\t\t\t<div class='gallery-icon landscape'>\n\t\t\t\t<a data-elementor-open-lightbox=\"yes\" data-elementor-lightbox-slideshow=\"9ef99cb\" data-elementor-lightbox-title=\"DSCN0525\" href='https:\/\/www.chalupaklec.cz\/wp-content\/uploads\/2021\/05\/DSCN0525-scaled.jpg'><img width=\"150\" height=\"150\" src=\"https:\/\/www.chalupaklec.cz\/wp-content\/uploads\/2021\/05\/DSCN0525-150x150.jpg\" class=\"attachment-thumbnail size-thumbnail\" alt=\"\" loading=\"lazy\" \/><\/a>\n\t\t\t<\/div><\/figure><figure class='gallery-item'>\n\t\t\t<div class='gallery-icon landscape'>\n\t\t\t\t<a data-elementor-open-lightbox=\"yes\" data-elementor-lightbox-slideshow=\"9ef99cb\" data-elementor-lightbox-title=\"DSCN0530\" href='https:\/\/www.chalupaklec.cz\/wp-content\/uploads\/2023\/04\/DSCN0530-scaled.jpg'><img width=\"150\" height=\"150\" src=\"https:\/\/www.chalupaklec.cz\/wp-content\/uploads\/2023\/04\/DSCN0530-150x150.jpg\" class=\"attachment-thumbnail size-thumbnail\" alt=\"\" loading=\"lazy\" \/><\/a>\n\t\t\t<\/div><\/figure><figure class='gallery-item'>\n\t\t\t<div class='gallery-icon landscape'>\n\t\t\t\t<a data-elementor-open-lightbox=\"yes\" data-elementor-lightbox-slideshow=\"9ef99cb\" data-elementor-lightbox-title=\"DSCN0526\" href='https:\/\/www.chalupaklec.cz\/wp-content\/uploads\/2023\/04\/DSCN0526-scaled.jpg'><img width=\"150\" height=\"150\" src=\"https:\/\/www.chalupaklec.cz\/wp-content\/uploads\/2023\/04\/DSCN0526-150x150.jpg\" class=\"attachment-thumbnail size-thumbnail\" alt=\"\" loading=\"lazy\" \/><\/a>\n\t\t\t<\/div><\/figure><figure class='gallery-item'>\n\t\t\t<div class='gallery-icon landscape'>\n\t\t\t\t<a data-elementor-open-lightbox=\"yes\" data-elementor-lightbox-slideshow=\"9ef99cb\" data-elementor-lightbox-title=\"DSCN0522\" href='https:\/\/www.chalupaklec.cz\/wp-content\/uploads\/2021\/05\/DSCN0522-scaled.jpg'><img width=\"150\" height=\"150\" src=\"https:\/\/www.chalupaklec.cz\/wp-content\/uploads\/2021\/05\/DSCN0522-150x150.jpg\" class=\"attachment-thumbnail size-thumbnail\" alt=\"\" loading=\"lazy\" \/><\/a>\n\t\t\t<\/div><\/figure><figure class='gallery-item'>\n\t\t\t<div class='gallery-icon landscape'>\n\t\t\t\t<a data-elementor-open-lightbox=\"yes\" data-elementor-lightbox-slideshow=\"9ef99cb\" data-elementor-lightbox-title=\"DSCN0519\" href='https:\/\/www.chalupaklec.cz\/wp-content\/uploads\/2021\/05\/DSCN0519-scaled.jpg'><img width=\"150\" height=\"150\" src=\"https:\/\/www.chalupaklec.cz\/wp-content\/uploads\/2021\/05\/DSCN0519-150x150.jpg\" class=\"attachment-thumbnail size-thumbnail\" alt=\"\" loading=\"lazy\" \/><\/a>\n\t\t\t<\/div><\/figure><figure class='gallery-item'>\n\t\t\t<div class='gallery-icon landscape'>\n\t\t\t\t<a data-elementor-open-lightbox=\"yes\" data-elementor-lightbox-slideshow=\"9ef99cb\" data-elementor-lightbox-title=\"IMG_1677\" href='https:\/\/www.chalupaklec.cz\/wp-content\/uploads\/2021\/05\/IMG_1677.jpg'><img width=\"150\" height=\"150\" src=\"https:\/\/www.chalupaklec.cz\/wp-content\/uploads\/2021\/05\/IMG_1677-150x150.jpg\" class=\"attachment-thumbnail size-thumbnail\" alt=\"\" loading=\"lazy\" \/><\/a>\n\t\t\t<\/div><\/figure><figure class='gallery-item'>\n\t\t\t<div class='gallery-icon landscape'>\n\t\t\t\t<a data-elementor-open-lightbox=\"yes\" data-elementor-lightbox-slideshow=\"9ef99cb\" data-elementor-lightbox-title=\"DSCN0539\" href='https:\/\/www.chalupaklec.cz\/wp-content\/uploads\/2023\/04\/DSCN0539-scaled.jpg'><img width=\"150\" height=\"150\" src=\"https:\/\/www.chalupaklec.cz\/wp-content\/uploads\/2023\/04\/DSCN0539-150x150.jpg\" class=\"attachment-thumbnail size-thumbnail\" alt=\"\" loading=\"lazy\" \/><\/a>\n\t\t\t<\/div><\/figure><figure class='gallery-item'>\n\t\t\t<div class='gallery-icon landscape'>\n\t\t\t\t<a data-elementor-open-lightbox=\"yes\" data-elementor-lightbox-slideshow=\"9ef99cb\" data-elementor-lightbox-title=\"DSCN0537\" href='https:\/\/www.chalupaklec.cz\/wp-content\/uploads\/2023\/04\/DSCN0537-scaled.jpg'><img width=\"150\" height=\"150\" src=\"https:\/\/www.chalupaklec.cz\/wp-content\/uploads\/2023\/04\/DSCN0537-150x150.jpg\" class=\"attachment-thumbnail size-thumbnail\" alt=\"\" loading=\"lazy\" \/><\/a>\n\t\t\t<\/div><\/figure><figure class='gallery-item'>\n\t\t\t<div class='gallery-icon landscape'>\n\t\t\t\t<a data-elementor-open-lightbox=\"yes\" data-elementor-lightbox-slideshow=\"9ef99cb\" data-elementor-lightbox-title=\"DSCN0536\" href='https:\/\/www.chalupaklec.cz\/wp-content\/uploads\/2023\/04\/DSCN0536-scaled.jpg'><img width=\"150\" height=\"150\" src=\"https:\/\/www.chalupaklec.cz\/wp-content\/uploads\/2023\/04\/DSCN0536-150x150.jpg\" class=\"attachment-thumbnail size-thumbnail\" alt=\"\" loading=\"lazy\" \/><\/a>\n\t\t\t<\/div><\/figure><figure class='gallery-item'>\n\t\t\t<div class='gallery-icon landscape'>\n\t\t\t\t<a data-elementor-open-lightbox=\"yes\" data-elementor-lightbox-slideshow=\"9ef99cb\" data-elementor-lightbox-title=\"DSCN0509\" href='https:\/\/www.chalupaklec.cz\/wp-content\/uploads\/2021\/05\/DSCN0509-scaled.jpg'><img width=\"150\" height=\"150\" src=\"https:\/\/www.chalupaklec.cz\/wp-content\/uploads\/2021\/05\/DSCN0509-150x150.jpg\" class=\"attachment-thumbnail size-thumbnail\" alt=\"\" loading=\"lazy\" \/><\/a>\n\t\t\t<\/div><\/figure><figure class='gallery-item'>\n\t\t\t<div class='gallery-icon landscape'>\n\t\t\t\t<a data-elementor-open-lightbox=\"yes\" data-elementor-lightbox-slideshow=\"9ef99cb\" data-elementor-lightbox-title=\"DSCN0535\" href='https:\/\/www.chalupaklec.cz\/wp-content\/uploads\/2023\/04\/DSCN0535-scaled.jpg'><img width=\"150\" height=\"150\" src=\"https:\/\/www.chalupaklec.cz\/wp-content\/uploads\/2023\/04\/DSCN0535-150x150.jpg\" class=\"attachment-thumbnail size-thumbnail\" alt=\"\" loading=\"lazy\" \/><\/a>\n\t\t\t<\/div><\/figure><figure class='gallery-item'>\n\t\t\t<div class='gallery-icon landscape'>\n\t\t\t\t<a data-elementor-open-lightbox=\"yes\" data-elementor-lightbox-slideshow=\"9ef99cb\" data-elementor-lightbox-title=\"DSCN0531\" href='https:\/\/www.chalupaklec.cz\/wp-content\/uploads\/2023\/04\/DSCN0531-scaled.jpg'><img width=\"150\" height=\"150\" src=\"https:\/\/www.chalupaklec.cz\/wp-content\/uploads\/2023\/04\/DSCN0531-150x150.jpg\" class=\"attachment-thumbnail size-thumbnail\" alt=\"\" loading=\"lazy\" \/><\/a>\n\t\t\t<\/div><\/figure><figure class='gallery-item'>\n\t\t\t<div class='gallery-icon landscape'>\n\t\t\t\t<a data-elementor-open-lightbox=\"yes\" data-elementor-lightbox-slideshow=\"9ef99cb\" data-elementor-lightbox-title=\"DSCN0534\" href='https:\/\/www.chalupaklec.cz\/wp-content\/uploads\/2023\/04\/DSCN0534-scaled.jpg'><img width=\"150\" height=\"150\" src=\"https:\/\/www.chalupaklec.cz\/wp-content\/uploads\/2023\/04\/DSCN0534-150x150.jpg\" class=\"attachment-thumbnail size-thumbnail\" alt=\"\" loading=\"lazy\" \/><\/a>\n\t\t\t<\/div><\/figure><figure class='gallery-item'>\n\t\t\t<div class='gallery-icon landscape'>\n\t\t\t\t<a data-elementor-open-lightbox=\"yes\" data-elementor-lightbox-slideshow=\"9ef99cb\" data-elementor-lightbox-title=\"DSCN0533\" href='https:\/\/www.chalupaklec.cz\/wp-content\/uploads\/2023\/04\/DSCN0533-scaled.jpg'><img width=\"150\" height=\"150\" src=\"https:\/\/www.chalupaklec.cz\/wp-content\/uploads\/2023\/04\/DSCN0533-150x150.jpg\" class=\"attachment-thumbnail size-thumbnail\" alt=\"\" loading=\"lazy\" \/><\/a>\n\t\t\t<\/div><\/figure><figure class='gallery-item'>\n\t\t\t<div class='gallery-icon landscape'>\n\t\t\t\t<a data-elementor-open-lightbox=\"yes\" data-elementor-lightbox-slideshow=\"9ef99cb\" data-elementor-lightbox-title=\"DSCN0532\" href='https:\/\/www.chalupaklec.cz\/wp-content\/uploads\/2023\/04\/DSCN0532-scaled.jpg'><img width=\"150\" height=\"150\" src=\"https:\/\/www.chalupaklec.cz\/wp-content\/uploads\/2023\/04\/DSCN0532-150x150.jpg\" class=\"attachment-thumbnail size-thumbnail\" alt=\"\" loading=\"lazy\" \/><\/a>\n\t\t\t<\/div><\/figure><figure class='gallery-item'>\n\t\t\t<div class='gallery-icon landscape'>\n\t\t\t\t<a data-elementor-open-lightbox=\"yes\" data-elementor-lightbox-slideshow=\"9ef99cb\" data-elementor-lightbox-title=\"Spole\u010densk\u00e1 m\u00edstnost\" href='https:\/\/www.chalupaklec.cz\/wp-content\/uploads\/2021\/01\/DSCN0499-scaled.jpg'><img width=\"150\" height=\"150\" src=\"https:\/\/www.chalupaklec.cz\/wp-content\/uploads\/2021\/01\/DSCN0499-150x150.jpg\" class=\"attachment-thumbnail size-thumbnail\" alt=\"\" loading=\"lazy\" \/><\/a>\n\t\t\t<\/div><\/figure><figure class='gallery-item'>\n\t\t\t<div class='gallery-icon landscape'>\n\t\t\t\t<a data-elementor-open-lightbox=\"yes\" data-elementor-lightbox-slideshow=\"9ef99cb\" data-elementor-lightbox-title=\"Spole\u010densk\u00e1 m\u00edstnost\" href='https:\/\/www.chalupaklec.cz\/wp-content\/uploads\/2021\/01\/DSCN0497-scaled.jpg'><img width=\"150\" height=\"150\" src=\"https:\/\/www.chalupaklec.cz\/wp-content\/uploads\/2021\/01\/DSCN0497-150x150.jpg\" class=\"attachment-thumbnail size-thumbnail\" alt=\"\" loading=\"lazy\" \/><\/a>\n\t\t\t<\/div><\/figure><figure class='gallery-item'>\n\t\t\t<div class='gallery-icon landscape'>\n\t\t\t\t<a data-elementor-open-lightbox=\"yes\" data-elementor-lightbox-slideshow=\"9ef99cb\" data-elementor-lightbox-title=\"IMG_1675\" href='https:\/\/www.chalupaklec.cz\/wp-content\/uploads\/2021\/05\/IMG_1675.jpg'><img width=\"150\" height=\"150\" src=\"https:\/\/www.chalupaklec.cz\/wp-content\/uploads\/2021\/05\/IMG_1675-150x150.jpg\" class=\"attachment-thumbnail size-thumbnail\" alt=\"\" loading=\"lazy\" \/><\/a>\n\t\t\t<\/div><\/figure><figure class='gallery-item'>\n\t\t\t<div class='gallery-icon landscape'>\n\t\t\t\t<a data-elementor-open-lightbox=\"yes\" data-elementor-lightbox-slideshow=\"9ef99cb\" data-elementor-lightbox-title=\"IMG_1673\" href='https:\/\/www.chalupaklec.cz\/wp-content\/uploads\/2021\/05\/IMG_1673.jpg'><img width=\"150\" height=\"150\" src=\"https:\/\/www.chalupaklec.cz\/wp-content\/uploads\/2021\/05\/IMG_1673-150x150.jpg\" class=\"attachment-thumbnail size-thumbnail\" alt=\"\" loading=\"lazy\" \/><\/a>\n\t\t\t<\/div><\/figure><figure class='gallery-item'>\n\t\t\t<div class='gallery-icon landscape'>\n\t\t\t\t<a data-elementor-open-lightbox=\"yes\" data-elementor-lightbox-slideshow=\"9ef99cb\" data-elementor-lightbox-title=\"Spole\u010densk\u00e1 m\u00edstnost\" href='https:\/\/www.chalupaklec.cz\/wp-content\/uploads\/2021\/01\/DSCN0495-scaled.jpg'><img width=\"150\" height=\"150\" src=\"https:\/\/www.chalupaklec.cz\/wp-content\/uploads\/2021\/01\/DSCN0495-150x150.jpg\" class=\"attachment-thumbnail size-thumbnail\" alt=\"\" loading=\"lazy\" \/><\/a>\n\t\t\t<\/div><\/figure><figure class='gallery-item'>\n\t\t\t<div class='gallery-icon landscape'>\n\t\t\t\t<a data-elementor-open-lightbox=\"yes\" data-elementor-lightbox-slideshow=\"9ef99cb\" data-elementor-lightbox-title=\"Pokoj \u010d. 2\" href='https:\/\/www.chalupaklec.cz\/wp-content\/uploads\/2021\/01\/DSCN0489-scaled.jpg'><img width=\"150\" height=\"150\" src=\"https:\/\/www.chalupaklec.cz\/wp-content\/uploads\/2021\/01\/DSCN0489-150x150.jpg\" class=\"attachment-thumbnail size-thumbnail\" alt=\"\" loading=\"lazy\" \/><\/a>\n\t\t\t<\/div><\/figure><figure class='gallery-item'>\n\t\t\t<div class='gallery-icon landscape'>\n\t\t\t\t<a data-elementor-open-lightbox=\"yes\" data-elementor-lightbox-slideshow=\"9ef99cb\" data-elementor-lightbox-title=\"Pokoj \u010d. 3\" href='https:\/\/www.chalupaklec.cz\/wp-content\/uploads\/2021\/01\/DSCN0480-scaled.jpg'><img width=\"150\" height=\"150\" src=\"https:\/\/www.chalupaklec.cz\/wp-content\/uploads\/2021\/01\/DSCN0480-150x150.jpg\" class=\"attachment-thumbnail size-thumbnail\" alt=\"\" loading=\"lazy\" \/><\/a>\n\t\t\t<\/div><\/figure><figure class='gallery-item'>\n\t\t\t<div class='gallery-icon landscape'>\n\t\t\t\t<a data-elementor-open-lightbox=\"yes\" data-elementor-lightbox-slideshow=\"9ef99cb\" data-elementor-lightbox-title=\"Pokoj \u010d. 3\" href='https:\/\/www.chalupaklec.cz\/wp-content\/uploads\/2021\/01\/DSCN0479-scaled.jpg'><img width=\"150\" height=\"150\" src=\"https:\/\/www.chalupaklec.cz\/wp-content\/uploads\/2021\/01\/DSCN0479-150x150.jpg\" class=\"attachment-thumbnail size-thumbnail\" alt=\"\" loading=\"lazy\" \/><\/a>\n\t\t\t<\/div><\/figure><figure class='gallery-item'>\n\t\t\t<div class='gallery-icon landscape'>\n\t\t\t\t<a data-elementor-open-lightbox=\"yes\" data-elementor-lightbox-slideshow=\"9ef99cb\" data-elementor-lightbox-title=\"Kuchyn\u011b\" href='https:\/\/www.chalupaklec.cz\/wp-content\/uploads\/2021\/01\/DSCN0507-scaled.jpg'><img width=\"150\" height=\"150\" src=\"https:\/\/www.chalupaklec.cz\/wp-content\/uploads\/2021\/01\/DSCN0507-150x150.jpg\" class=\"attachment-thumbnail size-thumbnail\" alt=\"\" loading=\"lazy\" \/><\/a>\n\t\t\t<\/div><\/figure><figure class='gallery-item'>\n\t\t\t<div class='gallery-icon landscape'>\n\t\t\t\t<a data-elementor-open-lightbox=\"yes\" data-elementor-lightbox-slideshow=\"9ef99cb\" data-elementor-lightbox-title=\"Kuchyn\u011b\" href='https:\/\/www.chalupaklec.cz\/wp-content\/uploads\/2021\/01\/DSCN0505-scaled.jpg'><img width=\"150\" height=\"150\" src=\"https:\/\/www.chalupaklec.cz\/wp-content\/uploads\/2021\/01\/DSCN0505-150x150.jpg\" class=\"attachment-thumbnail size-thumbnail\" alt=\"\" loading=\"lazy\" \/><\/a>\n\t\t\t<\/div><\/figure><figure class='gallery-item'>\n\t\t\t<div class='gallery-icon landscape'>\n\t\t\t\t<a data-elementor-open-lightbox=\"yes\" data-elementor-lightbox-slideshow=\"9ef99cb\" data-elementor-lightbox-title=\"Kuchyn\u011b\" href='https:\/\/www.chalupaklec.cz\/wp-content\/uploads\/2021\/01\/DSCN0503-scaled.jpg'><img width=\"150\" height=\"150\" src=\"https:\/\/www.chalupaklec.cz\/wp-content\/uploads\/2021\/01\/DSCN0503-150x150.jpg\" class=\"attachment-thumbnail size-thumbnail\" alt=\"\" loading=\"lazy\" \/><\/a>\n\t\t\t<\/div><\/figure><figure class='gallery-item'>\n\t\t\t<div class='gallery-icon landscape'>\n\t\t\t\t<a data-elementor-open-lightbox=\"yes\" data-elementor-lightbox-slideshow=\"9ef99cb\" data-elementor-lightbox-title=\"Kuchyn\u011b\" href='https:\/\/www.chalupaklec.cz\/wp-content\/uploads\/2021\/01\/DSCN0501-scaled.jpg'><img width=\"150\" height=\"150\" src=\"https:\/\/www.chalupaklec.cz\/wp-content\/uploads\/2021\/01\/DSCN0501-150x150.jpg\" class=\"attachment-thumbnail size-thumbnail\" alt=\"\" loading=\"lazy\" \/><\/a>\n\t\t\t<\/div><\/figure><figure class='gallery-item'>\n\t\t\t<div class='gallery-icon landscape'>\n\t\t\t\t<a data-elementor-open-lightbox=\"yes\" data-elementor-lightbox-slideshow=\"9ef99cb\" data-elementor-lightbox-title=\"Koupelna\" href='https:\/\/www.chalupaklec.cz\/wp-content\/uploads\/2021\/01\/DSCN0491-scaled.jpg'><img width=\"150\" height=\"150\" src=\"https:\/\/www.chalupaklec.cz\/wp-content\/uploads\/2021\/01\/DSCN0491-150x150.jpg\" class=\"attachment-thumbnail size-thumbnail\" alt=\"\" loading=\"lazy\" \/><\/a>\n\t\t\t<\/div><\/figure><figure class='gallery-item'>\n\t\t\t<div class='gallery-icon landscape'>\n\t\t\t\t<a data-elementor-open-lightbox=\"yes\" data-elementor-lightbox-slideshow=\"9ef99cb\" data-elementor-lightbox-title=\"Koupelna\" href='https:\/\/www.chalupaklec.cz\/wp-content\/uploads\/2021\/01\/DSCN0493-scaled.jpg'><img width=\"150\" height=\"150\" src=\"https:\/\/www.chalupaklec.cz\/wp-content\/uploads\/2021\/01\/DSCN0493-150x150.jpg\" class=\"attachment-thumbnail size-thumbnail\" alt=\"\" loading=\"lazy\" \/><\/a>\n\t\t\t<\/div><\/figure><figure class='gallery-item'>\n\t\t\t<div class='gallery-icon landscape'>\n\t\t\t\t<a data-elementor-open-lightbox=\"yes\" data-elementor-lightbox-slideshow=\"9ef99cb\" data-elementor-lightbox-title=\"Toaleta\" href='https:\/\/www.chalupaklec.cz\/wp-content\/uploads\/2021\/01\/IMG_0808-scaled.jpg'><img width=\"150\" height=\"150\" src=\"https:\/\/www.chalupaklec.cz\/wp-content\/uploads\/2021\/01\/IMG_0808-150x150.jpg\" class=\"attachment-thumbnail size-thumbnail\" alt=\"\" loading=\"lazy\" \/><\/a>\n\t\t\t<\/div><\/figure>\n\t\t<\/div>\n\t\t<\/div>\n\t\t\t\t<\/div>\n\t\t\t\t<\/div>\n\t\t\t\t\t\t<\/div>\n\t\t\t\t\t<\/div>\n\t\t<\/div>\n\t\t\t\t\t\t\t\t<\/div>\n\t\t\t\t\t<\/div>\n\t\t<\/section>\n\t\t\t\t\t\t<\/div>\n\t\t\t\t\t\t<\/div>\n\t\t\t\t\t<\/div>\n\t\t","protected":false},"excerpt":{"rendered":"","protected":false},"author":1,"featured_media":0,"parent":0,"menu_order":0,"comment_status":"closed","ping_status":"closed","template":"","meta":[],"_links":{"self":[{"href":"https:\/\/www.chalupaklec.cz\/index.php\/wp-json\/wp\/v2\/pages\/26"}],"collection":[{"href":"https:\/\/www.chalupaklec.cz\/index.php\/wp-json\/wp\/v2\/pages"}],"about":[{"href":"https:\/\/www.chalupaklec.cz\/index.php\/wp-json\/wp\/v2\/types\/page"}],"author":[{"embeddable":true,"href":"https:\/\/www.chalupaklec.cz\/index.php\/wp-json\/wp\/v2\/users\/1"}],"replies":[{"embeddable":true,"href":"https:\/\/www.chalupaklec.cz\/index.php\/wp-json\/wp\/v2\/comments?post=26"}],"version-history":[{"count":40,"href":"https:\/\/www.chalupaklec.cz\/index.php\/wp-json\/wp\/v2\/pages\/26\/revisions"}],"predecessor-version":[{"id":459,"href":"https:\/\/www.chalupaklec.cz\/index.php\/wp-json\/wp\/v2\/pages\/26\/revisions\/459"}],"wp:attachment":[{"href":"https:\/\/www.chalupaklec.cz\/index.php\/wp-json\/wp\/v2\/media?parent=26"}],"curies":[{"name":"wp","href":"https:\/\/api.w.org\/{rel}","templated":true}]}}